{"id":5,"date":"2019-11-26T12:22:54","date_gmt":"2019-11-26T12:22:54","guid":{"rendered":"https:\/\/demosites.io\/blogger-gb\/?page_id=5"},"modified":"2023-04-21T13:25:41","modified_gmt":"2023-04-21T13:25:41","slug":"582c1-blogger-gb-home","status":"publish","type":"page","link":"https:\/\/canokar.com\/","title":{"rendered":""},"content":{"rendered":"\n<div id=\"wp-block-themeisle-blocks-advanced-columns-6a564611\" class=\"wp-block-themeisle-blocks-advanced-columns alignfull has-3-columns has-desktop-equal-layout has-tablet-equal-layout has-mobile-collapsedRows-layout has-vertical-unset\"><div class=\"wp-block-themeisle-blocks-advanced-columns-overlay\"><\/div><div class=\"innerblocks-wrap\">\n<div id=\"wp-block-themeisle-blocks-advanced-column-374d5d80\" class=\"wp-block-themeisle-blocks-advanced-column ticss-0e1467b8\"><\/div>\n\n\n\n<div id=\"wp-block-themeisle-blocks-advanced-column-329f066d\" class=\"wp-block-themeisle-blocks-advanced-column\"><\/div>\n\n\n\n<div id=\"wp-block-themeisle-blocks-advanced-column-b20eafeb\" class=\"wp-block-themeisle-blocks-advanced-column\"><\/div>\n<\/div><\/div>\n\n\n<div class=\"wp-block-themeisle-blocks-posts-grid\" id=\"wp-block-themeisle-blocks-posts-grid-a0ee4c67\"><div class=\"is-grid o-posts-grid-columns-3\"><div class=\"o-posts-grid-post-blog o-posts-grid-post-plain\"><div class=\"o-posts-grid-post\"><div class=\"o-posts-grid-post-image\"><a href=\"https:\/\/canokar.com\/?p=132\"><img width=\"600\" height=\"395\" src=\"https:\/\/canokar.com\/wp-content\/uploads\/2023\/05\/Windows_10_Event_Viewer_main_screen.png\" class=\"attachment-full size-full\" alt=\"\" decoding=\"async\" loading=\"lazy\" srcset=\"https:\/\/canokar.com\/wp-content\/uploads\/2023\/05\/Windows_10_Event_Viewer_main_screen.png 600w, https:\/\/canokar.com\/wp-content\/uploads\/2023\/05\/Windows_10_Event_Viewer_main_screen-300x198.png 300w\" sizes=\"(max-width: 600px) 85vw, 600px\" \/><\/a><\/div><div class=\"o-posts-grid-post-body\"><span class=\"o-posts-grid-post-category\"><a href=\"https:\/\/canokar.com\/?cat=11\">Microsoft<\/a><\/span><h5 class=\"o-posts-grid-post-title\"><a href=\"https:\/\/canokar.com\/?p=132\">Microsoft WEF yap\u0131land\u0131rmas\u0131 ve Logsign Siem ile entegrasyonu<\/a><\/h5><p class=\"o-posts-grid-post-meta\">Posted on <time datetime=\"2023-05-01T22:29:46+00:00\">May\u0131s 1, 2023<\/time> by <a href=\"https:\/\/canokar.com\/?author=2\">Can OKAR<\/a> \/ 0 comments<\/p><div class=\"o-posts-grid-post-description\"><p>Merhaba bu yaz\u0131m\u0131zda test ortam\u0131m\u0131zda bulunan bir Windows 10 client\u2019\u0131n event loglar\u0131n\u0131 Microsoft\u2019un \u2026<\/p><\/div><\/div><\/div><\/div><\/div> <\/div>","protected":false},"excerpt":{"rendered":"","protected":false},"author":1,"featured_media":0,"parent":0,"menu_order":0,"comment_status":"closed","ping_status":"closed","template":"page-templates\/template-pagebuilder-full-width.php","meta":{"_themeisle_gutenberg_block_has_review":false,"_ti_tpc_template_sync":false,"_ti_tpc_template_id":"2esgfkx943akp7iqac7c"},"_links":{"self":[{"href":"https:\/\/canokar.com\/index.php?rest_route=\/wp\/v2\/pages\/5"}],"collection":[{"href":"https:\/\/canokar.com\/index.php?rest_route=\/wp\/v2\/pages"}],"about":[{"href":"https:\/\/canokar.com\/index.php?rest_route=\/wp\/v2\/types\/page"}],"author":[{"embeddable":true,"href":"https:\/\/canokar.com\/index.php?rest_route=\/wp\/v2\/users\/1"}],"replies":[{"embeddable":true,"href":"https:\/\/canokar.com\/index.php?rest_route=%2Fwp%2Fv2%2Fcomments&post=5"}],"version-history":[{"count":4,"href":"https:\/\/canokar.com\/index.php?rest_route=\/wp\/v2\/pages\/5\/revisions"}],"predecessor-version":[{"id":128,"href":"https:\/\/canokar.com\/index.php?rest_route=\/wp\/v2\/pages\/5\/revisions\/128"}],"wp:attachment":[{"href":"https:\/\/canokar.com\/index.php?rest_route=%2Fwp%2Fv2%2Fmedia&parent=5"}],"curies":[{"name":"wp","href":"https:\/\/api.w.org\/{rel}","templated":true}]}}